{"id":26464,"date":"2024-11-13T17:38:32","date_gmt":"2024-11-13T16:38:32","guid":{"rendered":"https:\/\/tenerifewomensopen.com\/?page_id=26464"},"modified":"2025-03-25T16:16:50","modified_gmt":"2025-03-25T15:16:50","slug":"the-course","status":"publish","type":"page","link":"https:\/\/tenerifewomensopen.com\/en\/the-course\/","title":{"rendered":"The Course"},"content":{"rendered":"<p>[et_pb_section fb_built=&#8221;1&#8243; _builder_version=&#8221;4.27.0&#8243; _module_preset=&#8221;default&#8221; global_colors_info=&#8221;{}&#8221;][et_pb_row _builder_version=&#8221;4.27.0&#8243; _module_preset=&#8221;default&#8221; global_colors_info=&#8221;{}&#8221;][et_pb_column type=&#8221;4_4&#8243; _builder_version=&#8221;4.27.0&#8243; _module_preset=&#8221;default&#8221; global_colors_info=&#8221;{}&#8221;][et_pb_image src=&#8221;https:\/\/openfemenino.com\/wp-content\/uploads\/2024\/11\/Rubber-web-mapa.png&#8221; title_text=&#8221;Rubber web-mapa&#8221; force_fullwidth=&#8221;on&#8221; disabled_on=&#8221;on|on|on&#8221; admin_label=&#8221;Mapa&#8221; _builder_version=&#8221;4.27.0&#8243; _module_preset=&#8221;default&#8221; disabled=&#8221;on&#8221; global_colors_info=&#8221;{}&#8221;][\/et_pb_image][et_pb_image src=&#8221;https:\/\/openfemenino.com\/wp-content\/uploads\/2024\/11\/Rubber-web-tarjeta-2.png&#8221; title_text=&#8221;Rubber web-tarjeta&#8221; align=&#8221;center&#8221; disabled_on=&#8221;on|on|on&#8221; admin_label=&#8221;Tarjeta&#8221; _builder_version=&#8221;4.27.0&#8243; _module_preset=&#8221;default&#8221; disabled=&#8221;on&#8221; global_colors_info=&#8221;{}&#8221;][\/et_pb_image][et_pb_image src=&#8221;https:\/\/tenerifewomensopen.com\/wp-content\/uploads\/2025\/03\/Rubber-web-mapa-01.png&#8221; alt=&#8221;Abama Golf Resort&#8221; title_text=&#8221;Rubber web-mapa-01&#8243; _builder_version=&#8221;4.27.0&#8243; _module_preset=&#8221;default&#8221; hover_enabled=&#8221;0&#8243; global_colors_info=&#8221;{}&#8221; sticky_enabled=&#8221;0&#8243;][\/et_pb_image][et_pb_text _builder_version=&#8221;4.27.0&#8243; _module_preset=&#8221;default&#8221; global_colors_info=&#8221;{}&#8221;]<\/p>\n<p>Abama Golf is a golf course located on the island of Tenerife, Canary Islands, Spain. It is part of the luxurious Abama Resort complex, which also includes the Abama Hotel and other exclusive facilities. It was designed by the famous golf course architect, Dave Thomas, and is known for its natural beauty, combining volcanic landscapes, views of the Atlantic Ocean and lush vegetation.<\/p>\n<p>However, what makes it really special is its location, as it sits on a hillside, offering spectacular views of both the sea and the surrounding landscape. It has a challenging layout with several holes involving elevation changes, and some of its greens are situated on elevated spots that give an impressive feeling of spaciousness.<\/p>\n<p>Abama Golf is an 18-hole, par 72 course, and has a length of approximately 6,270 metres. In addition, the infrastructure around the course includes practice areas, such as a driving range, and a club house with restaurant and pro shop. It is a popular place for golfers looking for a challenge, but also for those who want to enjoy a relaxed and exclusive atmosphere.<\/p>\n<p>It is a destination that attracts both tourists and residents, as in addition to golf, the setting offers other luxury activities such as gourmet restaurants, spas and a private beach.<\/p>\n<p>[\/et_pb_text][\/et_pb_column][\/et_pb_row][\/et_pb_section]<\/p>\n","protected":false},"excerpt":{"rendered":"<p>Abama Golf is a golf course located on the island of Tenerife, Canary Islands, Spain. It is part of the luxurious Abama Resort complex, which also includes the Abama Hotel and other exclusive facilities. It was designed by the famous golf course architect, Dave Thomas, and is known for its natural beauty, combining volcanic landscapes, [&hellip;]<\/p>\n","protected":false},"author":2,"featured_media":0,"parent":0,"menu_order":0,"comment_status":"closed","ping_status":"closed","template":"","meta":{"_et_pb_use_builder":"on","_et_pb_old_content":"[et_pb_section fb_built=\"1\" _builder_version=\"4.27.0\" _module_preset=\"default\" global_colors_info=\"{}\"][et_pb_row _builder_version=\"4.27.0\" _module_preset=\"default\" global_colors_info=\"{}\"][et_pb_column type=\"4_4\" _builder_version=\"4.27.0\" _module_preset=\"default\" global_colors_info=\"{}\"][et_pb_image src=\"https:\/\/openfemenino.com\/wp-content\/uploads\/2024\/11\/Rubber-web-mapa.png\" title_text=\"Rubber web-mapa\" force_fullwidth=\"on\" admin_label=\"Mapa\" _builder_version=\"4.27.0\" _module_preset=\"default\" global_colors_info=\"{}\" disabled_on=\"on|on|on\" disabled=\"on\"][\/et_pb_image][et_pb_image src=\"https:\/\/openfemenino.com\/wp-content\/uploads\/2024\/11\/Rubber-web-tarjeta-2.png\" title_text=\"Rubber web-tarjeta\" align=\"center\" admin_label=\"Tarjeta\" _builder_version=\"4.27.0\" _module_preset=\"default\" global_colors_info=\"{}\" disabled_on=\"on|on|on\" disabled=\"on\"][\/et_pb_image][et_pb_image _builder_version=\"4.27.0\" _module_preset=\"default\" alt=\"Abama Golf Resort\" title_text=\"Abama Golf\" src=\"https:\/\/tenerifewomensopen.com\/wp-content\/uploads\/2025\/03\/Abama-Golf.png\" hover_enabled=\"0\" sticky_enabled=\"0\"][\/et_pb_image][et_pb_text _builder_version=\"4.27.0\" _module_preset=\"default\" hover_enabled=\"0\" global_colors_info=\"{}\" sticky_enabled=\"0\"]<p>Abama Golf es un campo situado en la isla de Tenerife, Islas Canarias, Espa\u00f1a. Es parte del lujoso complejo Abama Resort, el cual tambi\u00e9n incluye el Abama Hotel y otras instalaciones exclusivas. Fue dise\u00f1ado por el famoso arquitecto de campos de golf, Dave Thomas, y es conocido por su belleza natural, que combina paisajes volc\u00e1nicos, vistas al oc\u00e9ano Atl\u00e1ntico y una vegetaci\u00f3n exuberante.<\/p>\r\n<p>No obstante, lo que lo hace realmente especial es su ubicaci\u00f3n, pues se encuentra en una ladera, lo que ofrece unas vistas espectaculares tanto al mar como al paisaje circundante. Tiene un dise\u00f1o desafiante con varios hoyos que implican cambios de elevaci\u00f3n, y algunos de sus greens est\u00e1n situados en puntos elevados que dan una sensaci\u00f3n de amplitud impresionante.<\/p>\r\n<p>Abama Golf es un campo de 18 hoyos, par 72, y tiene una longitud de aproximadamente 6.270 metros. Adem\u00e1s, la infraestructura alrededor del campo incluye \u00e1reas de pr\u00e1ctica, como un driving range, y un club house con restaurante y tienda de golf. Es un lugar popular entre los golfistas que buscan un reto, pero tambi\u00e9n para aquellos que quieren disfrutar de un ambiente relajado y exclusivo.<\/p>\r\n<p>Es un destino que atrae tanto a turistas como a residentes, ya que adem\u00e1s del golf, el entorno ofrece otras actividades de lujo, como restaurantes gourmet, spas y una playa privada.<\/p>[\/et_pb_text][\/et_pb_column][\/et_pb_row][\/et_pb_section]","_et_gb_content_width":"","footnotes":""},"class_list":["post-26464","page","type-page","status-publish","hentry"],"_links":{"self":[{"href":"https:\/\/tenerifewomensopen.com\/en\/wp-json\/wp\/v2\/pages\/26464","targetHints":{"allow":["GET"]}}],"collection":[{"href":"https:\/\/tenerifewomensopen.com\/en\/wp-json\/wp\/v2\/pages"}],"about":[{"href":"https:\/\/tenerifewomensopen.com\/en\/wp-json\/wp\/v2\/types\/page"}],"author":[{"embeddable":true,"href":"https:\/\/tenerifewomensopen.com\/en\/wp-json\/wp\/v2\/users\/2"}],"replies":[{"embeddable":true,"href":"https:\/\/tenerifewomensopen.com\/en\/wp-json\/wp\/v2\/comments?post=26464"}],"version-history":[{"count":5,"href":"https:\/\/tenerifewomensopen.com\/en\/wp-json\/wp\/v2\/pages\/26464\/revisions"}],"predecessor-version":[{"id":26652,"href":"https:\/\/tenerifewomensopen.com\/en\/wp-json\/wp\/v2\/pages\/26464\/revisions\/26652"}],"wp:attachment":[{"href":"https:\/\/tenerifewomensopen.com\/en\/wp-json\/wp\/v2\/media?parent=26464"}],"curies":[{"name":"wp","href":"https:\/\/api.w.org\/{rel}","templated":true}]}}